{"id":1794,"date":"2021-12-08T08:02:01","date_gmt":"2021-12-08T07:02:01","guid":{"rendered":"https:\/\/tondelli.comune.correggio.re.it\/pier-vittorio-tondelli\/"},"modified":"2021-12-08T08:02:01","modified_gmt":"2021-12-08T07:02:01","slug":"pier-vittorio-tondelli","status":"publish","type":"page","link":"https:\/\/tondelli.comune.correggio.re.it\/en\/pier-vittorio-tondelli\/","title":{"rendered":"Pier Vittorio Tondelli"},"content":{"rendered":"\n<h3 class=\"wp-block-heading\">Non abbiate paura di buttare via.<br>Riscrivete ogni pagina, finch\u00e9 siete<br>soddisfatti. Vi accorgerete che ogni<br>parola pu\u00f2 essere sostituita con un&#8217;altra.<br>Allora, scegliendo, lavorando, riscrivendo,<br>tagliando, sarete gi\u00e0 in pieno romanzo.<\/h3>\n","protected":false},"excerpt":{"rendered":"<p>Non abbiate paura di buttare via.Riscrivete ogni pagina, finch\u00e9 sietesoddisfatti.<\/p>\n","protected":false},"author":1,"featured_media":0,"parent":0,"menu_order":3,"comment_status":"closed","ping_status":"closed","template":"","meta":{"footnotes":""},"tags":[],"class_list":["post-1794","page","type-page","status-publish","hentry"],"_links":{"self":[{"href":"https:\/\/tondelli.comune.correggio.re.it\/en\/wp-json\/wp\/v2\/pages\/1794","targetHints":{"allow":["GET"]}}],"collection":[{"href":"https:\/\/tondelli.comune.correggio.re.it\/en\/wp-json\/wp\/v2\/pages"}],"about":[{"href":"https:\/\/tondelli.comune.correggio.re.it\/en\/wp-json\/wp\/v2\/types\/page"}],"author":[{"embeddable":true,"href":"https:\/\/tondelli.comune.correggio.re.it\/en\/wp-json\/wp\/v2\/users\/1"}],"replies":[{"embeddable":true,"href":"https:\/\/tondelli.comune.correggio.re.it\/en\/wp-json\/wp\/v2\/comments?post=1794"}],"version-history":[{"count":0,"href":"https:\/\/tondelli.comune.correggio.re.it\/en\/wp-json\/wp\/v2\/pages\/1794\/revisions"}],"wp:attachment":[{"href":"https:\/\/tondelli.comune.correggio.re.it\/en\/wp-json\/wp\/v2\/media?parent=1794"}],"wp:term":[{"taxonomy":"post_tag","embeddable":true,"href":"https:\/\/tondelli.comune.correggio.re.it\/en\/wp-json\/wp\/v2\/tags?post=1794"}],"curies":[{"name":"wp","href":"https:\/\/api.w.org\/{rel}","templated":true}]}}