{"id":1748,"date":"2021-12-16T14:38:03","date_gmt":"2021-12-16T13:38:03","guid":{"rendered":"https:\/\/tondelli.comune.correggio.re.it\/giornata-tondelli-diciannovesima-edizione-2019\/"},"modified":"2021-12-16T14:38:03","modified_gmt":"2021-12-16T13:38:03","slug":"giornata-tondelli-diciannovesima-edizione-2019","status":"publish","type":"page","link":"https:\/\/tondelli.comune.correggio.re.it\/en\/pier-vittorio-tondelli\/essential-bibliography\/catalogs\/records-and-documents\/giornata-tondelli-diciannovesima-edizione-2019\/","title":{"rendered":"Giornata Tondelli &#8211; Diciannovesima edizione &#8211; 2019"},"content":{"rendered":"\n<h3 class=\"wp-block-heading\">14 dicembre 2019<\/h3>\n\n\n\n<p><strong>Ore 9,30<\/strong><\/p>\n\n\n\n<p><strong>Olga Campofreda<\/strong> <br><em>(University College London)<\/em><br>Per una mitologia della giovinezza;<\/p>\n\n\n\n<p><strong>Sara Lonardi<\/strong> <br><em>(Universit\u00e0 di Trento)<\/em><br>L'&#8221;inferno allegro&#8221; dei libertini di Pier Vittorio Tondelli;<\/p>\n\n\n\n<p><strong>Lorenzo Pisaneschi<\/strong> <br><em>(Universit\u00e0 di Pisa)<\/em><br>Di cosa parliamo quando parliamo di Altri libertini?;<\/p>\n\n\n\n<p><strong>Matteo Arosio<\/strong> <br><em>(Universit\u00e0 di Milano)<\/em><br>La morte a Rimini &#8211; Tondelli e il paradigma novecentesco;<\/p>\n\n\n\n<p><strong>Pietro Salvatore Reina<\/strong> <br><em>(Docente &#8211; ICMerano 1)<\/em><br>Camere separate : un testamento pieno di luce e d&#8217;ombra sul pi\u00f9 grande mistero : la nostra vita;<\/p>\n\n\n\n<p><strong>Stefania Balducci<\/strong> <br><em>(Universit\u00e0 di Bologna)<\/em><br>Inviti superflui in Camere Separate;<\/p>\n\n\n\n<p><strong>Roberta Dell&#8217;Ali<\/strong> <br><em>(Universit\u00e0 di Bologna)<\/em><br>L&#8217;industria editoriale italiana negli anni Ottanta. La storia di Under 25 : un progetto di Pier Vittorio Tondelli;<\/p>\n\n\n\n<p><strong>Ore 15<\/strong><br>Dilettanti geniali. Sperimentazioni artistiche degli anni Ottanta.<br>Comununicato stampa<br>In <strong>Lorenza Pignatti<\/strong> (curatrice della Mostra all&#8217;Esprit Nouveau di Bologna)<\/p>\n\n\n\n<p><strong>Ore 15,30<\/strong><br>Camere Separate, trent&#8217;anni dopo.<br>Legami: Handke-Tondelli<br>E i pomeriggi dello scrittore<br><strong>Fulvio Panzeri<\/strong> (curatore dell&#8217;Opera Tondelliana)<\/p>\n\n\n\n<p><strong>Ore 16, 30<\/strong><br>Un&#8217;ostinata speranza:<br>Delfini, D&#8217;Arzo, Tondelli.<br>A cura di <strong>Gino Ruozzi<\/strong><\/p>\n\n\n\n<p><strong>Ore 17,30<\/strong><br>Tondelli. Letture.<br>La felicit\u00e0 delle immagini, il peso delle parole Cinque esercizi di lettura di Moravia, Volponi, Celati, Pasolini, Calvino).<br>Presentazione del libro di <strong>Alessandra Sarchi<\/strong> (scrittrice e studiosa d&#8217;arte).<br>L&#8217;autrice ne dialoga con <strong>Giulio Iacoli<\/strong>.<\/p>\n","protected":false},"excerpt":{"rendered":"<p>14 dicembre 2019 Ore 9,30 Olga Campofreda (University College London)Per una mitologia della giovinezza; Sara Lonardi (Universit\u00e0 di Trento)L&#8217;&#8221;inferno allegro&#8221; dei libertini di Pier Vittorio Tondelli; Lorenzo Pisaneschi (Universit\u00e0 di Pisa)Di cosa parliamo quando parliamo di Altri libertini?; Matteo Arosio (Universit\u00e0 di Milano)La morte a Rimini &#8211; Tondelli e il paradigma novecentesco; Pietro Salvatore Reina (Docente &#8211; ICMerano 1)Camere separate : un testamento pieno di luce e d&#8217;ombra sul pi\u00f9 grande mistero : la nostra vita; Stefania Balducci (Universit\u00e0 di Bologna)Inviti superflui in Camere Separate; Roberta Dell&#8217;Ali (Universit\u00e0 di Bologna)L&#8217;industria editoriale italiana negli anni Ottanta.<\/p>\n","protected":false},"author":1,"featured_media":0,"parent":1793,"menu_order":2,"comment_status":"closed","ping_status":"closed","template":"","meta":{"footnotes":""},"tags":[],"class_list":["post-1748","page","type-page","status-publish","hentry"],"_links":{"self":[{"href":"https:\/\/tondelli.comune.correggio.re.it\/en\/wp-json\/wp\/v2\/pages\/1748","targetHints":{"allow":["GET"]}}],"collection":[{"href":"https:\/\/tondelli.comune.correggio.re.it\/en\/wp-json\/wp\/v2\/pages"}],"about":[{"href":"https:\/\/tondelli.comune.correggio.re.it\/en\/wp-json\/wp\/v2\/types\/page"}],"author":[{"embeddable":true,"href":"https:\/\/tondelli.comune.correggio.re.it\/en\/wp-json\/wp\/v2\/users\/1"}],"replies":[{"embeddable":true,"href":"https:\/\/tondelli.comune.correggio.re.it\/en\/wp-json\/wp\/v2\/comments?post=1748"}],"version-history":[{"count":0,"href":"https:\/\/tondelli.comune.correggio.re.it\/en\/wp-json\/wp\/v2\/pages\/1748\/revisions"}],"up":[{"embeddable":true,"href":"https:\/\/tondelli.comune.correggio.re.it\/en\/wp-json\/wp\/v2\/pages\/1793"}],"wp:attachment":[{"href":"https:\/\/tondelli.comune.correggio.re.it\/en\/wp-json\/wp\/v2\/media?parent=1748"}],"wp:term":[{"taxonomy":"post_tag","embeddable":true,"href":"https:\/\/tondelli.comune.correggio.re.it\/en\/wp-json\/wp\/v2\/tags?post=1748"}],"curies":[{"name":"wp","href":"https:\/\/api.w.org\/{rel}","templated":true}]}}