{"id":1742,"date":"2021-12-22T11:25:55","date_gmt":"2021-12-22T10:25:55","guid":{"rendered":"https:\/\/tondelli.comune.correggio.re.it\/giornata-tondelli-tredicesima-edizione-2013\/"},"modified":"2021-12-22T11:25:55","modified_gmt":"2021-12-22T10:25:55","slug":"giornata-tondelli-tredicesima-edizione-2013","status":"publish","type":"page","link":"https:\/\/tondelli.comune.correggio.re.it\/en\/pier-vittorio-tondelli\/essential-bibliography\/catalogs\/records-and-documents\/giornata-tondelli-tredicesima-edizione-2013\/","title":{"rendered":"Giornata Tondelli Tredicesima edizione &#8211; 2013"},"content":{"rendered":"\n<h3 class=\"wp-block-heading\">14 dicembre 2013<\/h3>\n\n\n\n<p><strong>Sabato 14 dicembre &#8211; Palazzo dei Principi<br>Seminario Tondelli (XIII ed.)<\/strong><\/p>\n\n\n\n<p><strong>Ore 9.30<\/strong><\/p>\n\n\n\n<h3 class=\"wp-block-heading\">Presentazione dei pi\u00f9 recenti studi su Pier Vittorio Tondelli<\/h3>\n\n\n\n<p><strong>Francesco Bratos<\/strong> &#8211; <a href=\"https:\/\/tondelli.comune.correggio.re.it\/wp-content\/uploads\/2021\/12\/bratos-nuovo.pdf\" data-type=\"URL\" data-id=\"https:\/\/tondelli.comune.correggio.re.it\/wp-content\/uploads\/2021\/12\/bratos-nuovo.pdf\" target=\"_blank\" rel=\"noreferrer noopener\">Il progetto &#8220;Under 25&#8221;: forme e traiettorie dell&#8217;antologia militante<\/a><\/p>\n\n\n\n<p><strong>Lorenzo Mari <\/strong>&#8211; Il diario del soldato Acci, il diario del soldato Mari<\/p>\n\n\n\n<p><strong>Olga Campofreda<\/strong> &#8211; Reportage Narrativo e Romanzo del Novecento. Pier Vittorio Tondelli tra letterautra e giornalismo<\/p>\n\n\n\n<p><strong>Deborah Ascolese<\/strong> &#8211; Viaggio, Arte e Cultura anni &#8217;80 in &#8220;Un Weekend postmoderno&#8221; di Pier Vittorio Tondelli<\/p>\n\n\n\n<p><strong>Alessandra Costantiello<\/strong> &#8211; Pier Vittorio Tondelli osservatore della postmodernit\u00e0<\/p>\n\n\n\n<p><strong>Gianni Cimador <\/strong>&#8211; Una totalit\u00e0 di frammenti: suggestioni arbasiniane in &#8220;Weekend postmoderno&#8221;<\/p>\n\n\n\n<p><strong>Alessandro Manca<\/strong> &#8211; <a href=\"https:\/\/tondelli.comune.correggio.re.it\/wp-content\/uploads\/2021\/12\/postmoderno-e-nostalgi-del-centro.pdf\" data-type=\"URL\" data-id=\"https:\/\/tondelli.comune.correggio.re.it\/wp-content\/uploads\/2021\/12\/postmoderno-e-nostalgi-del-centro.pdf\" target=\"_blank\" rel=\"noreferrer noopener\">Postmoderno e nostalgia del centro in Pier Vittorio Tondelli<\/a><\/p>\n\n\n\n<p><strong>Agata Pryciak <\/strong>\u2013 &#8220;Altri Libertini&#8221; in Polonia. Laboratorio della traduzione di Tondelli<\/p>\n\n\n\n<p><strong>Luca Chiurchi\u00f9<\/strong> <a href=\"https:\/\/tondelli.comune.correggio.re.it\/wp-content\/uploads\/2021\/12\/una-piccola-odissea-emiliana.pdf\" data-type=\"URL\" data-id=\"https:\/\/tondelli.comune.correggio.re.it\/wp-content\/uploads\/2021\/12\/una-piccola-odissea-emiliana.pdf\" target=\"_blank\" rel=\"noreferrer noopener\">Una piccola Odissea emiliana<\/a><\/p>\n\n\n\n<p>Coordina <strong>Stefano Calabrese<\/strong> (Universit\u00e0 di Modena e Reggio Emilia)<\/p>\n\n\n\n<p><strong>Ore 12.45<\/strong><\/p>\n\n\n\n<p><a href=\"https:\/\/tondelli.comune.correggio.re.it\/wp-content\/uploads\/2021\/12\/presentazione-angelo-favaro.pdf\" data-type=\"URL\" data-id=\"https:\/\/tondelli.comune.correggio.re.it\/wp-content\/uploads\/2021\/12\/presentazione-angelo-favaro.pdf\" target=\"_blank\" rel=\"noreferrer noopener\">&#8220;Pier Vittorio Tondelli. O la scrittura delle occasioni autobiografiche&#8221;<\/a> (Edizioni Sinestesie)<\/p>\n\n\n\n<p>Con <strong>Angelo F\u00e0varo<\/strong> (curatore) e <strong>Carlo Santoli<\/strong> (editore)<\/p>\n\n\n\n<p><strong>Ore 15.00<\/strong><\/p>\n\n\n\n<p><strong>&#8220;Comico, viaggio, identit\u00e0, limite. Nuovi studi per Tondelli&#8221;<\/strong><\/p>\n\n\n\n<p>Presentazione del volume delle tesi e saggi vincitori del premio Tondelli 2011. (Guaraldi Editore)<\/p>\n\n\n\n<p>Intervengono <strong>Anna Remelli, Gianni Cimador, Eugenio Santangelo<\/strong> (autori), coordina <strong>Viller Masoni<\/strong> (curatore)<\/p>\n\n\n\n<p><strong>Ore 16.00<\/strong><\/p>\n\n\n\n<p><a href=\"https:\/\/tondelli.comune.correggio.re.it\/en\/la-scrittura-di-tondelli-nel-racconto-dei-suoi-giovani-lettori\/\" data-type=\"page\" data-id=\"442\">La scrittura di Tondelli nel racconto dei suoi giovani lettori.<\/a> <\/p>\n\n\n\n<p>Con la partecipazione degli studenti e studentesse dell&#8217; Universit\u00e0 di Bologna &#8211; con la partecipazione di Enea Conti, Luca Naponiello, Elen Botros El Malek, Alessandra Pellegrini De Luca, coordina il prof. <strong>Fabrizio Frasnedi<\/strong><\/p>\n\n\n\n<p><strong>Ore 17.00<\/strong><\/p>\n\n\n\n<p><strong>&#8220;Pier Vittorio Tondelli e le trasformazioni del paesaggio emiliano&#8221;.<\/strong><\/p>\n\n\n\n<p>Presentazione del progetto video dell&#8217;Universit\u00e0 di Modena e Reggio Emilia.<\/p>\n\n\n\n<p><strong>Ore 17:30<\/strong><\/p>\n\n\n\n<p><strong>Le canzoni di Tondelli.<\/strong><\/p>\n\n\n\n<p>Intervengono <strong>Frankie Magellano<\/strong> (cantante), <strong>Stefano Ricc\u00f2<\/strong> (produttore), <strong>Fulvio Panzeri<\/strong> (critico)<\/p>\n\n\n\n<p>Ore 18:00<\/p>\n\n\n\n<p><strong>La drammaturgia (nel segno di Tondelli)<\/strong><\/p>\n\n\n\n<p>Interventi di Emanuele Aldrovandi, vincitore del premio Riccione &#8220;Pier Vittorio Tondelli&#8221; per il teatro &#8211; miglior testo di un autore under 30, e Simone Bruscia, direttore del premio Riccione per il teatro<\/p>\n\n\n\n<p><strong>Ore 21.00<\/strong><\/p>\n\n\n\n<p>Teatro Asioli &#8211; ingresso gratuito<\/p>\n\n\n\n<p>&#8220;E.S.C.&#8221;<\/p>\n\n\n\n<p><strong>Emily Sporting Club: Alfredo De Vincentis, Elisa Minari, Nicola Pulvirenti, Silvio Valli<\/strong><\/p>\n\n\n\n<p>Testi di <strong>Pier Vittorio Tondelli<\/strong> e <strong>Nicola Pulvirenti<\/strong><\/p>\n\n\n\n<p>Voce narrante <strong>Ettore Marrani<\/strong><\/p>\n\n\n\n<p>Video a cura di <strong>Andrea Mainardi<\/strong><\/p>\n\n\n\n<p>Direzione artistica <strong>Gabriele Tesauri<\/strong><\/p>\n\n\n\n<p>Raccontare un periodo di &#8220;crisi&#8221; chiedendo in prestito le parole ad un autore che ha attraversato un tempo simile al nostro: la fine degli anni &#8217;70 sono il passato pi\u00f9 prossimo a questi nostri anni.<\/p>\n\n\n\n<p>Ecco perch\u00e8 abbiamo scelto &#8220;Altri libertini&#8221; di P.V.Tondelli, un romanzo ad episodi che secondo lautore \u00e8 &#8220;un libro tutto raccontabile che si pu\u00f2 riassumere a voce e che nella voce trova una sua dimensione di scrittura&#8221;.<\/p>\n\n\n\n<p>Ed \u00e8 appunto dalla voce che siamo partiti per la costruzione di un concerto spettacolo che alle parole di Tondelli associa ritmi e dinamiche contemporanee, immergendo la band in una videoproiezione continua di immagini legate a quel periodo.<\/p>\n\n\n\n<p><a href=\"https:\/\/tondelli.comune.correggio.re.it\/en\/la-scrittura-di-tondelli-nel-racconto-dei-suoi-giovani-lettori\/\" data-type=\"page\" data-id=\"442\">La scrittura di Tondelli nel racconto dei suoi giovani lettori.<\/a><\/p>\n","protected":false},"excerpt":{"rendered":"<p>14 dicembre 2013 Sabato 14 dicembre &#8211; Palazzo dei PrincipiSeminario Tondelli (XIII ed.<\/p>\n","protected":false},"author":1,"featured_media":0,"parent":1793,"menu_order":8,"comment_status":"closed","ping_status":"closed","template":"","meta":{"footnotes":""},"tags":[],"class_list":["post-1742","page","type-page","status-publish","hentry"],"_links":{"self":[{"href":"https:\/\/tondelli.comune.correggio.re.it\/en\/wp-json\/wp\/v2\/pages\/1742","targetHints":{"allow":["GET"]}}],"collection":[{"href":"https:\/\/tondelli.comune.correggio.re.it\/en\/wp-json\/wp\/v2\/pages"}],"about":[{"href":"https:\/\/tondelli.comune.correggio.re.it\/en\/wp-json\/wp\/v2\/types\/page"}],"author":[{"embeddable":true,"href":"https:\/\/tondelli.comune.correggio.re.it\/en\/wp-json\/wp\/v2\/users\/1"}],"replies":[{"embeddable":true,"href":"https:\/\/tondelli.comune.correggio.re.it\/en\/wp-json\/wp\/v2\/comments?post=1742"}],"version-history":[{"count":0,"href":"https:\/\/tondelli.comune.correggio.re.it\/en\/wp-json\/wp\/v2\/pages\/1742\/revisions"}],"up":[{"embeddable":true,"href":"https:\/\/tondelli.comune.correggio.re.it\/en\/wp-json\/wp\/v2\/pages\/1793"}],"wp:attachment":[{"href":"https:\/\/tondelli.comune.correggio.re.it\/en\/wp-json\/wp\/v2\/media?parent=1742"}],"wp:term":[{"taxonomy":"post_tag","embeddable":true,"href":"https:\/\/tondelli.comune.correggio.re.it\/en\/wp-json\/wp\/v2\/tags?post=1742"}],"curies":[{"name":"wp","href":"https:\/\/api.w.org\/{rel}","templated":true}]}}