{"id":1733,"date":"2021-12-23T08:54:35","date_gmt":"2021-12-23T07:54:35","guid":{"rendered":"https:\/\/tondelli.comune.correggio.re.it\/seminario-tondelli-ottava-edizione\/"},"modified":"2021-12-23T08:54:35","modified_gmt":"2021-12-23T07:54:35","slug":"seminario-tondelli-ottava-edizione","status":"publish","type":"page","link":"https:\/\/tondelli.comune.correggio.re.it\/en\/pier-vittorio-tondelli\/essential-bibliography\/catalogs\/records-and-documents\/giornate-tondelli-ottava-edizione-venerdi-19-sabato-20-dicembre-2008\/seminario-tondelli-ottava-edizione\/","title":{"rendered":"Seminario Tondelli Ottava Edizione"},"content":{"rendered":"\n<p><strong>Venerd\u00ec 19 dicembre<\/strong><\/p>\n\n\n\n<p><strong>Presentazione e coordinamento <\/strong><br><strong>Antonio Spadaro<\/strong> (Universit\u00e0 Gregoriana Roma)<\/p>\n\n\n\n<p><strong>Valentina Soluri<\/strong><br><em>Vita reale e realt\u00e0 immaginata : &#8220;le Camere Separate&#8221;<\/em><\/p>\n\n\n\n<p><strong>Gianluca Spitalieri<\/strong><br><em>Le ragioni del corpo in Camere Separate<\/em><\/p>\n\n\n\n<p><strong>Francesca Giglio<\/strong><br><em><a href=\"https:\/\/tondelli.comune.correggio.re.it\/wp-content\/uploads\/2021\/12\/Francesca-Giglio.pdf\" data-type=\"URL\" data-id=\"https:\/\/tondelli.comune.correggio.re.it\/wp-content\/uploads\/2021\/12\/Francesca-Giglio.pdf\" target=\"_blank\" rel=\"noreferrer noopener\">L&#8217;appartenenza dei corpi in Camere Separate<\/a><\/em><\/p>\n\n\n\n<p><strong>N\u00f9ria Sol\u00e9 Bardelet<\/strong><br><em><a href=\"https:\/\/tondelli.comune.correggio.re.it\/wp-content\/uploads\/2021\/12\/Nuria-Sole-Bardelet.pdf\" data-type=\"URL\" data-id=\"https:\/\/tondelli.comune.correggio.re.it\/wp-content\/uploads\/2021\/12\/Nuria-Sole-Bardelet.pdf\" target=\"_blank\" rel=\"noreferrer noopener\">Lettura &#8220;catalana&#8221; in Camere Separate<\/a><\/em><\/p>\n\n\n\n<p><strong>Olga Campofreda<\/strong><br><em><a href=\"https:\/\/tondelli.comune.correggio.re.it\/wp-content\/uploads\/2021\/12\/Olga-Campofreda.pdf\" data-type=\"URL\" data-id=\"https:\/\/tondelli.comune.correggio.re.it\/wp-content\/uploads\/2021\/12\/Olga-Campofreda.pdf\" target=\"_blank\" rel=\"noreferrer noopener\">Tondelli &#8220;On the road&#8221;<\/a><\/em><\/p>\n\n\n\n<p><strong>Antonella Lattanzi<\/strong><br><em><a href=\"https:\/\/tondelli.comune.correggio.re.it\/wp-content\/uploads\/2021\/12\/Antonella-Lattanzi.pdf\" data-type=\"URL\" data-id=\"https:\/\/tondelli.comune.correggio.re.it\/wp-content\/uploads\/2021\/12\/Antonella-Lattanzi.pdf\" target=\"_blank\" rel=\"noreferrer noopener\">Le figure femminili nella narrativa di Pier Vittorio Tondelli<\/a><\/em><\/p>\n\n\n\n<p><strong>Mauro Rubino<\/strong><br><em>L&#8217;esperienza di Biglietti agli amici<\/em><\/p>\n\n\n\n<p><\/p>\n\n\n\n<p><strong>Sabato 20 dicembre<\/strong><\/p>\n\n\n\n<p><strong>Presentazione e coordinamento<\/strong> <br><strong>Viller Masoni<\/strong><\/p>\n\n\n\n<p><strong>Sciltian Gastaldi<\/strong><br><em>Federico Fellini : il convitato di pietra nell&#8217;opera di Tondelli<\/em><\/p>\n\n\n\n<p><strong>Elisa Vignali<\/strong><br><em><a href=\"https:\/\/tondelli.comune.correggio.re.it\/wp-content\/uploads\/2021\/12\/Elisa-Vignali.pdf\" data-type=\"URL\" data-id=\"https:\/\/tondelli.comune.correggio.re.it\/wp-content\/uploads\/2021\/12\/Elisa-Vignali.pdf\" target=\"_blank\" rel=\"noreferrer noopener\">Tondelli lettore D&#8217;Arzo: metamorfosi come progetto<\/a><\/em><\/p>\n\n\n\n<p><strong>Andrea Hajek<\/strong><br><em><a href=\"https:\/\/tondelli.comune.correggio.re.it\/wp-content\/uploads\/2021\/12\/hajek-tondelli.pdf\" data-type=\"URL\" data-id=\"https:\/\/tondelli.comune.correggio.re.it\/wp-content\/uploads\/2021\/12\/hajek-tondelli.pdf\" target=\"_blank\" rel=\"noreferrer noopener\">Musica e musicalit\u00e0 Pier Vittorio Tondelli ed Enrico Brizzi<\/a><\/em><\/p>\n\n\n\n<p><strong>Gianni Cimador<\/strong><br><em><a href=\"https:\/\/tondelli.comune.correggio.re.it\/wp-content\/uploads\/2021\/12\/Gianni-Cimador.pdf\" data-type=\"URL\" data-id=\"https:\/\/tondelli.comune.correggio.re.it\/wp-content\/uploads\/2021\/12\/Gianni-Cimador.pdf\" target=\"_blank\" rel=\"noreferrer noopener\">&#8220;Echi di buco nero&#8221; : il corpo, la musica e l&#8217;esperienza delle droghe in Altri Libertini<\/a><\/em><\/p>\n","protected":false},"excerpt":{"rendered":"<p>Venerd\u00ec 19 dicembre Presentazione e coordinamento Antonio Spadaro (Universit\u00e0 Gregoriana Roma) Valentina SoluriVita reale e realt\u00e0 immaginata : &#8220;le Camere Separate&#8221; Gianluca SpitalieriLe ragioni del corpo in Camere Separate Francesca GiglioL&#8217;appartenenza dei corpi in Camere Separate N\u00f9ria Sol\u00e9 BardeletLettura &#8220;catalana&#8221; in Camere Separate Olga CampofredaTondelli &#8220;On the road&#8221; Antonella LattanziLe figure femminili nella narrativa di Pier Vittorio Tondelli Mauro RubinoL&#8217;esperienza di Biglietti agli amici Sabato 20 dicembre Presentazione e coordinamento Viller Masoni Sciltian GastaldiFederico Fellini : il convitato di pietra nell&#8217;opera di Tondelli Elisa VignaliTondelli lettore D&#8217;Arzo: metamorfosi come progetto Andrea HajekMusica e musicalit\u00e0 Pier Vittorio Tondelli ed Enrico Brizzi Gianni Cimador&#8220;Echi di buco nero&#8221; : il corpo, la musica e l&#8217;esperienza delle droghe in Altri Libertini<\/p>\n","protected":false},"author":1,"featured_media":0,"parent":1734,"menu_order":0,"comment_status":"closed","ping_status":"closed","template":"","meta":{"footnotes":""},"tags":[],"class_list":["post-1733","page","type-page","status-publish","hentry"],"_links":{"self":[{"href":"https:\/\/tondelli.comune.correggio.re.it\/en\/wp-json\/wp\/v2\/pages\/1733","targetHints":{"allow":["GET"]}}],"collection":[{"href":"https:\/\/tondelli.comune.correggio.re.it\/en\/wp-json\/wp\/v2\/pages"}],"about":[{"href":"https:\/\/tondelli.comune.correggio.re.it\/en\/wp-json\/wp\/v2\/types\/page"}],"author":[{"embeddable":true,"href":"https:\/\/tondelli.comune.correggio.re.it\/en\/wp-json\/wp\/v2\/users\/1"}],"replies":[{"embeddable":true,"href":"https:\/\/tondelli.comune.correggio.re.it\/en\/wp-json\/wp\/v2\/comments?post=1733"}],"version-history":[{"count":0,"href":"https:\/\/tondelli.comune.correggio.re.it\/en\/wp-json\/wp\/v2\/pages\/1733\/revisions"}],"up":[{"embeddable":true,"href":"https:\/\/tondelli.comune.correggio.re.it\/en\/wp-json\/wp\/v2\/pages\/1734"}],"wp:attachment":[{"href":"https:\/\/tondelli.comune.correggio.re.it\/en\/wp-json\/wp\/v2\/media?parent=1733"}],"wp:term":[{"taxonomy":"post_tag","embeddable":true,"href":"https:\/\/tondelli.comune.correggio.re.it\/en\/wp-json\/wp\/v2\/tags?post=1733"}],"curies":[{"name":"wp","href":"https:\/\/api.w.org\/{rel}","templated":true}]}}