{"id":1730,"date":"2021-12-23T10:19:20","date_gmt":"2021-12-23T09:19:20","guid":{"rendered":"https:\/\/tondelli.comune.correggio.re.it\/giornate-tondelli-sesta-edizione-il-progetto-under-25-ventanni-dopo\/"},"modified":"2021-12-23T10:19:20","modified_gmt":"2021-12-23T09:19:20","slug":"giornate-tondelli-sesta-edizione-il-progetto-under-25-ventanni-dopo","status":"publish","type":"page","link":"https:\/\/tondelli.comune.correggio.re.it\/en\/pier-vittorio-tondelli\/essential-bibliography\/catalogs\/records-and-documents\/giornate-tondelli-sesta-edizione-il-progetto-under-25-ventanni-dopo\/","title":{"rendered":"Giornate Tondelli &#8211; Sesta Edizione &#8211; Il Progetto Under 25 Vent&#8217;Anni Dopo"},"content":{"rendered":"\n<h2 class=\"wp-block-heading\">15 e 16 Dicembre 2006<\/h2>\n\n\n\n<p>Correggio &#8211; Sala Conferenze Palazzo dei Principi<\/p>\n\n\n\n<p><a href=\"https:\/\/tondelli.comune.correggio.re.it\/en\/giornate-tondelli-sesta-edizione-il-progetto-under-25-ventanni-dopo\/\" data-type=\"page\" data-id=\"525\">SEMINARIO TONDELLI &#8211; Sesta edizione<\/a><\/p>\n\n\n\n<p>Presentazione di <strong>Viller Masoni<\/strong> (responsabile centro documentazione Tondelli)<\/p>\n\n\n\n<p>Introduzione di <strong>Antonio Spadaro<\/strong> (Universit\u00e0 Gregoriana &#8211; Roma)<\/p>\n\n\n\n<p>Comunicazioni di:<br><strong>Valentina Mercuri, Marta Carball\u00e9s M\u00e9ndez, Francesco Casaburi, Luca Viglialoro, Massimiliano Chiamenti, Massimo Sannelli, Massimiliano Di Pasquale, Luigi Marf\u00e8<\/strong><\/p>\n\n\n\n<p>Il Progetto Under 25 Vent&#8217;Anni Dopo<\/p>\n\n\n\n<p>Tavola rotonda con: <strong>Claudio Camarca<\/strong> (scrittore), <strong>Guido Conti<\/strong> (scrittore), <strong>Giulio Mozzi<\/strong> (scrittore), <strong>Fulvio Panzeri<\/strong> (critico letterario), <strong>Antonio Spadaro<\/strong> (docente universitario, coordinatore).<\/p>\n\n\n\n<p> <a href=\"https:\/\/tondelli.comune.correggio.re.it\/en\/giornate-tondelli-sesta-edizione-il-progetto-under-25-ventanni-dopo\/\" data-type=\"page\" data-id=\"525\">SEMINARIO TONDELLI &#8211; Sesta edizione<\/a> <\/p>\n\n\n\n<figure class=\"wp-block-image size-full\"><img loading=\"lazy\" decoding=\"async\" width=\"558\" height=\"905\" src=\"https:\/\/tondelli.comune.correggio.re.it\/wp-content\/uploads\/2021\/12\/tondelli-sesta-edizione.jpg\" alt=\"\" class=\"wp-image-545\" srcset=\"https:\/\/tondelli.comune.correggio.re.it\/wp-content\/uploads\/2021\/12\/tondelli-sesta-edizione.jpg 558w, https:\/\/tondelli.comune.correggio.re.it\/wp-content\/uploads\/2021\/12\/tondelli-sesta-edizione-185x300.jpg 185w\" sizes=\"auto, (max-width: 558px) 100vw, 558px\" \/><\/figure>\n","protected":false},"excerpt":{"rendered":"<p>15 e 16 Dicembre 2006 Correggio &#8211; Sala Conferenze Palazzo dei Principi SEMINARIO TONDELLI &#8211; Sesta edizione Presentazione di Viller Masoni (responsabile centro documentazione Tondelli) Introduzione di Antonio Spadaro (Universit\u00e0 Gregoriana &#8211; Roma) Comunicazioni di:Valentina Mercuri, Marta Carball\u00e9s M\u00e9ndez, Francesco Casaburi, Luca Viglialoro, Massimiliano Chiamenti, Massimo Sannelli, Massimiliano Di Pasquale, Luigi Marf\u00e8 Il Progetto Under 25 Vent&#8217;Anni Dopo Tavola rotonda con: Claudio Camarca (scrittore), Guido Conti (scrittore), Giulio Mozzi (scrittore), Fulvio Panzeri (critico letterario), Antonio Spadaro (docente universitario, coordinatore).<\/p>\n","protected":false},"author":1,"featured_media":0,"parent":1793,"menu_order":15,"comment_status":"closed","ping_status":"closed","template":"","meta":{"footnotes":""},"tags":[],"class_list":["post-1730","page","type-page","status-publish","hentry"],"_links":{"self":[{"href":"https:\/\/tondelli.comune.correggio.re.it\/en\/wp-json\/wp\/v2\/pages\/1730","targetHints":{"allow":["GET"]}}],"collection":[{"href":"https:\/\/tondelli.comune.correggio.re.it\/en\/wp-json\/wp\/v2\/pages"}],"about":[{"href":"https:\/\/tondelli.comune.correggio.re.it\/en\/wp-json\/wp\/v2\/types\/page"}],"author":[{"embeddable":true,"href":"https:\/\/tondelli.comune.correggio.re.it\/en\/wp-json\/wp\/v2\/users\/1"}],"replies":[{"embeddable":true,"href":"https:\/\/tondelli.comune.correggio.re.it\/en\/wp-json\/wp\/v2\/comments?post=1730"}],"version-history":[{"count":0,"href":"https:\/\/tondelli.comune.correggio.re.it\/en\/wp-json\/wp\/v2\/pages\/1730\/revisions"}],"up":[{"embeddable":true,"href":"https:\/\/tondelli.comune.correggio.re.it\/en\/wp-json\/wp\/v2\/pages\/1793"}],"wp:attachment":[{"href":"https:\/\/tondelli.comune.correggio.re.it\/en\/wp-json\/wp\/v2\/media?parent=1730"}],"wp:term":[{"taxonomy":"post_tag","embeddable":true,"href":"https:\/\/tondelli.comune.correggio.re.it\/en\/wp-json\/wp\/v2\/tags?post=1730"}],"curies":[{"name":"wp","href":"https:\/\/api.w.org\/{rel}","templated":true}]}}