{"id":1719,"date":"2021-12-23T12:07:26","date_gmt":"2021-12-23T11:07:26","guid":{"rendered":"https:\/\/tondelli.comune.correggio.re.it\/seminario-tondelli-prima-edizione\/"},"modified":"2021-12-23T12:07:26","modified_gmt":"2021-12-23T11:07:26","slug":"seminario-tondelli-prima-edizione","status":"publish","type":"page","link":"https:\/\/tondelli.comune.correggio.re.it\/en\/pier-vittorio-tondelli\/essential-bibliography\/catalogs\/records-and-documents\/giornate-tondelli-prima-edizione-tondelli-la-scrittura-e-la-memoria-dieci-anni-dopo\/seminario-tondelli-prima-edizione\/","title":{"rendered":"Seminario Tondelli &#8211; prima edizione"},"content":{"rendered":"\n<p>Discussione\u00b0<\/p>\n\n\n\n<p>Correggio, sala conferenze del Palazzo dei Principi, 14 dicembre 2001<\/p>\n\n\n\n<p>Saluto di Viller Masoni (Responsabile Istituti Culturali &#8211; Comune di Correggio)<\/p>\n\n\n\n<p>Introduzione: Antonio Spadaro (Universit\u00e0 Gregoriana, Roma)<\/p>\n\n\n\n<p>interventi di:<\/p>\n\n\n\n<p>Giulio Iacoli (Universit\u00e0 di Cagliari)<br>La felicit\u00e0. Tondelli e le possibilit\u00e0 di una pienezza esistenziale<\/p>\n\n\n\n<p>Cary Steven Howie (Stanford University)<br>Lo spazio. Il prender forma degli \u00abspazi delle emozioni d&#8217;amore\u00bb<\/p>\n\n\n\n<p>Emanuela Patti (University of Bangor)<br>L&#8217;erranza. La presenza tematica dell&#8217;esperienza erratica dantesca nell&#8217;opera di Tondelli<\/p>\n\n\n\n<p>Dibattito<\/p>\n\n\n\n<p>Sandra Siegert (Johannes Gutenberg-Universit\u00e4t, Mainz)<br>Tondelli e la sua ricezione in Germania<\/p>\n\n\n\n<p>Silvia Di Fresco (Universit\u00e0 di Bologna)<br>Un weekend postmoderno come \u00abromanzo critico\u00bb<\/p>\n\n\n\n<p>Chiara Gualdi (Universit\u00e0 di Bologna)<br>Tondelli e l&#8217;educazione alla letteratura<\/p>\n\n\n\n<p>Dibattito e conclusioni<\/p>\n\n\n\n<p>*Cristina Tinfena (Universit\u00e0 di Siena) L&#8217;uomo. Ipotesi di antropologia tondelliana (pdf 1416 Kb)<br>(Cristina Tinfena, che non ha potuto essere presente al dibattito, ha inviato il testo della sua relazione)<\/p>\n","protected":false},"excerpt":{"rendered":"<p>Discussione\u00b0 Correggio, sala conferenze del Palazzo dei Principi, 14 dicembre 2001 Saluto di Viller Masoni (Responsabile Istituti Culturali &#8211; Comune di Correggio) Introduzione: Antonio Spadaro (Universit\u00e0 Gregoriana, Roma) interventi di: Giulio Iacoli (Universit\u00e0 di Cagliari)La felicit\u00e0.<\/p>\n","protected":false},"author":1,"featured_media":0,"parent":1720,"menu_order":0,"comment_status":"closed","ping_status":"closed","template":"","meta":{"footnotes":""},"tags":[],"class_list":["post-1719","page","type-page","status-publish","hentry"],"_links":{"self":[{"href":"https:\/\/tondelli.comune.correggio.re.it\/en\/wp-json\/wp\/v2\/pages\/1719","targetHints":{"allow":["GET"]}}],"collection":[{"href":"https:\/\/tondelli.comune.correggio.re.it\/en\/wp-json\/wp\/v2\/pages"}],"about":[{"href":"https:\/\/tondelli.comune.correggio.re.it\/en\/wp-json\/wp\/v2\/types\/page"}],"author":[{"embeddable":true,"href":"https:\/\/tondelli.comune.correggio.re.it\/en\/wp-json\/wp\/v2\/users\/1"}],"replies":[{"embeddable":true,"href":"https:\/\/tondelli.comune.correggio.re.it\/en\/wp-json\/wp\/v2\/comments?post=1719"}],"version-history":[{"count":0,"href":"https:\/\/tondelli.comune.correggio.re.it\/en\/wp-json\/wp\/v2\/pages\/1719\/revisions"}],"up":[{"embeddable":true,"href":"https:\/\/tondelli.comune.correggio.re.it\/en\/wp-json\/wp\/v2\/pages\/1720"}],"wp:attachment":[{"href":"https:\/\/tondelli.comune.correggio.re.it\/en\/wp-json\/wp\/v2\/media?parent=1719"}],"wp:term":[{"taxonomy":"post_tag","embeddable":true,"href":"https:\/\/tondelli.comune.correggio.re.it\/en\/wp-json\/wp\/v2\/tags?post=1719"}],"curies":[{"name":"wp","href":"https:\/\/api.w.org\/{rel}","templated":true}]}}