{"id":1717,"date":"2021-12-23T12:12:36","date_gmt":"2021-12-23T11:12:36","guid":{"rendered":"https:\/\/tondelli.comune.correggio.re.it\/introduzione-di-antonio-spadaro\/"},"modified":"2021-12-23T12:12:36","modified_gmt":"2021-12-23T11:12:36","slug":"introduzione-di-antonio-spadaro","status":"publish","type":"page","link":"https:\/\/tondelli.comune.correggio.re.it\/en\/pier-vittorio-tondelli\/essential-bibliography\/catalogs\/records-and-documents\/giornate-tondelli-prima-edizione-tondelli-la-scrittura-e-la-memoria-dieci-anni-dopo\/seminario-tondelli-prima-edizione\/introduzione-di-antonio-spadaro\/","title":{"rendered":"Introduzione di Antonio Spadaro"},"content":{"rendered":"\n<p>Anch&#8217;io ringrazio l&#8217;Amministrazione comunale e Viller Masoni in particolare, perch\u00e9 hanno creduto a questa iniziativa, e innanzitutto Sandra Siegert che l&#8217;ha ideata. Faccio parte del comitato, del gruppo scientifico di lavoro del Centro studi e documentazioni Pier Vittorio Tondelli e quando Sandra ha formulato questa proposta ho aderito immediatamente, perch\u00e9 credo che questa iniziativa sia assolutamente importante, direi quasi decisiva, perch\u00e9 credo sia giusto celebrare Tondelli, ma credo sia assolutamente importante studiare Tondelli. Dunque qui non ci troviamo ad un evento celebrativo ma ad un seminario di riflessione e di studio. Non ci presentiamo uno per uno semplicemente perch\u00e9 faremmo tardi. Allora \u00e8 vero che mancheranno due relatori ma in ogni caso i tempi sono stretti. E dunque vorremo dare uno spazio al dialogo, ciascuno di noi potr\u00e0 dire chi \u00e8, quando far\u00e0 le domande. Dunque l&#8217;idea fondamentale \u00e8 riflettere sull&#8217;opera di Tondelli. Diceva appunto Viller che si \u00e8 tenuto a Reggio Emilia, il mese scorso, un convegno in occasione del decennale, questa \u00e8 un&#8217;altra delle iniziative del decennale. I decennali sono sempre dei momenti di riflessione e di bilancio. Sostanzialmente direi una cosa, pi\u00f9 che fare il riassunto della puntata di Reggio Emilia. Direi che a dieci anni dalla scomparsa di Tondelli siamo di fronte a un bivio, dal mio punto di vista, cruciale: fino adesso \u00e8 emersa la passione per Tondelli, cio\u00e8, sostanzialmente, il lettore di Tondelli \u00e8 stato un lettore d&#8217;elezione, un lettore catturato dalla sua scrittura, dalla sua pagina. Catturato perch\u00e9 l&#8217;ha letto in originale, cio\u00e8 in italiano o in francese &#8211; l&#8217;opera in francese in buona parte \u00e8 tradotta, o ha letto Camere separate in inglese o .\u2026. ma non dir\u00f2 nulla del tedesco perch\u00e9 Sandra, la dottoressa Siegert, ci parler\u00e0 abbondantemente di questo argomento, della ricezione di Tondelli in Germania. Ma non perch\u00e9 le persone, cio\u00e8 i giovani studiosi si sono dedicati attentamente alla sua opera. Domani si concluder\u00e0, con l&#8217;assegnazione dei premi ai vincitori, la seconda edizione del Premio per tesi di laurea. La prima edizione ha avuto un numero ridottissimo di partecipanti, credo quattro o cinque, ecco cinque, quest&#8217;anno i partecipanti erano complessivamente diciotto. Capite che in due anni \u00e8 cambiato molto. Un terzo, sei, presso universit\u00e0 non-italiane. E qui abbiamo difatti anche dei rappresentanti non-italiani. Allora capite come gi\u00e0 il panorama va modificandosi. Per cui non abbiamo soltanto il lettore appassionato, il fan di Tondelli che sbava di fronte ai suoi libri e ha la necessit\u00e0 di scrivere quanto \u00e8 bello leggere Tondelli. Questo \u00e8 una cosa ottima, giustificatissima e da continuare a fare ovviamente. Ma questo non basta. Dunque, sostanzialmente mi sembra di capire che su Tondelli si va riflettendo, si vanno aprendo degli studi con metodologie particolari ben definite. Per esempio, accanto a me abbiamo Giulio Iacoli e il suo approccio a Tondelli \u00e8 un approccio comparatistico. Non dir\u00f2 quello che dovr\u00e0 dire lui ovviamente ma per intenderci il suo contributo \u00e8 &#8211; possiamo dire &#8211; il primo contributo con taglio comparatistico sull&#8217;opera tondelliana. In realt\u00e0 anche la sua tesi ha un approccio comparatistico, un lavoro molto interessante, che spero verr\u00e0 pubblicato prima o poi in qualche modo. Ma non solo questo. Ho letto anche altre tesi che hanno un approccio legato alla linguistica, ad esempio, o approcci che utilizzano la sociologia della letteratura. Capite, \u00e8 uno sviluppo, un procedere in approfondimenti tematici e metodologici che fino adesso non c&#8217;era mai stato, dunque il decennale credo che sia un&#8217;occasione buona per far emergere questi nuovi approcci. Normalmente i lavori di tesi nascono innanzitutto come dei brevi saggi che chiariscono l&#8217;argomento della tesi e quindi diventano lavori pi\u00f9 corposi. Quindi abbiamo avuto dei saggi estremamente interessanti, uno di questi \u00e8 il saggio di Emanuela Patti che affronta il rapporto tra Dante e Tondelli, ad esempio, e oggi avremo appunto un saggio di questa sua ricerca. A questo punto il seminario tondelliano potrebbe essere un appuntamento anche annuale, volendo, per fare il punto della situazione. Per cui il decimo, l&#8217;undicesimo, il dodicesimo anno dalla morte di Tondelli significheranno appunto non solo un momento di celebrazione ma anche un luogo di riflessione per fare il punto della ricerca. Allora i segni di speranza si trovano, il lavoro critico dal mio punto di vista consiste nel raccogliere fili, seguire piste, intuire direzioni, verificarle con i testi, con pazienza, senza demagogia. Qua bisogna evitare \u2026 sono assolutamente per i punti di vista forti, decisi e anche taglienti di qualunque tipo sull&#8217;opera tondelliana. Non amo nessuna prevenzione, da nessuna parte. Per esempio, la mia lettura tondelliana \u00e8 stata giudicata in vario modo &#8211; e ne sono ben contento &#8211; da alcuni molto positivamente, da altri molto negativamente. Ma sono contento dei commenti negativi fondati perch\u00e9 questi portano a un incremento della conoscenza e della ricerca. Ma non tollero gli a priori, su nessuna ricerca, ovviamente. Dunque raccogliere fili non \u00e8 appiccicare etichette, ma applicare, a mio parere, batticuore e saggezza nella ricerca di un senso per la vita come per la scrittura. La faccio breve perch\u00e9 siamo ormai nei tempi. La giornata, il pomeriggio si divide in due parti, la prima parte sar\u00e0 moderata dalla dottoressa Siegert che si \u00e8 laureata nel marzo del 2000 presso la Johannes Gutenberg-Universit\u00e4t di Mainz, Magonza in italiano, con una tesi che in italiano suona con questo titolo: Pier Vittorio Tondelli, contesto sociale, politico e geografico dell&#8217;opera. Si trova a Pavia per un accordo con l&#8217;Universit\u00e0 di Mainz. La seconda parte invece sar\u00e0 moderata da me. &#8220;Moderata&#8221; che significa? Noi non modereremo gli eccessi, speriamo che questi eccessi ci siano, semplicemente presenteremo le persone che parleranno e quindi apriremo un breve spazio per le domande alla fine di ogni intervento. Alla fine della prima parte del pomeriggio ci sar\u00e0 un eventuale dibattito, dunque un po&#8217; pi\u00f9 ampio e cos\u00ec alla fine della seconda parte. Gli interventi: il primo intervento sar\u00e0 di Giulio Iacoli sulla felicit\u00e0. Il titolo \u00e8: La felicit\u00e0, Tondelli e la possibilit\u00e0 di una pienezza esistenziale. Il secondo intervento \u00e8 di Cary Steven Howie, della Stanford University, il tema \u00e8 Lo spazio e il prender forma degli spazi e delle emozioni d&#8217;amore. Il terzo intervento \u00e8 di Emanuela Patti, dell&#8217;University of Bangor: L&#8217;erranza, la presenza tematica dell&#8217;esperienza erratica dantesca nell&#8217;opera di Tondelli. Dunque la prima parte avr\u00e0 un taglio squisitamente antropologico, possiamo dire, attraverso le figure della felicit\u00e0, dello spazio e dell&#8217;erranza. Quindi un break, suppongo necessario, perch\u00e9 gli argomenti saranno molto ricchi. Nel secondo momento il primo intervento sar\u00e0 di Sandra Siegert, sulla ricezione di Tondelli in Germania e quindi dovrebbero esserci altri due interventi di due poverette che sono rimaste bloccate nel traffico tra Bologna e Correggio. Comunque arriveranno prima o poi, spero. Dovrebbero parlare, la prima, Silvia di Fresco del Weekend postmoderno inteso come un romanzo, un romanzo critico, e Chiara Gualdi su Tondelli e l&#8217;educazione\u2026 \u00c8 arrivata, benissimo! Sono contento, la cosa mi conforta alquanto. Io vorrei chiudere qui perch\u00e9 mancano due interventi, ma non vorrei andare oltre perch\u00e9 il programma \u00e8 molto fitto, pensiamo di chiudere entro le venti, spero. Gli interventi potranno essere letti, come diceva Viller Masoni, sul sito internet del Centro di documentazione e vi pregherei di pensare a domande perch\u00e9 credo che le vostre domande possano essere tanto utili quanto gli stessi interventi. Gli studi su Tondelli oggi hanno bisogno di domande pi\u00f9 che di risposte. Quelle arriveranno pian piano, ma se riusciamo a formulare delle buone domande avremo anche argomenti di lavoro e di ricerca. Allora grazie e benvenuti. Lascio la parola a Sandra.<\/p>\n","protected":false},"excerpt":{"rendered":"<p>Anch&#8217;io ringrazio l&#8217;Amministrazione comunale e Viller Masoni in particolare, perch\u00e9 hanno creduto a questa iniziativa, e innanzitutto Sandra Siegert che l&#8217;ha ideata.<\/p>\n","protected":false},"author":1,"featured_media":0,"parent":1719,"menu_order":1,"comment_status":"closed","ping_status":"closed","template":"","meta":{"footnotes":""},"tags":[],"class_list":["post-1717","page","type-page","status-publish","hentry"],"_links":{"self":[{"href":"https:\/\/tondelli.comune.correggio.re.it\/en\/wp-json\/wp\/v2\/pages\/1717","targetHints":{"allow":["GET"]}}],"collection":[{"href":"https:\/\/tondelli.comune.correggio.re.it\/en\/wp-json\/wp\/v2\/pages"}],"about":[{"href":"https:\/\/tondelli.comune.correggio.re.it\/en\/wp-json\/wp\/v2\/types\/page"}],"author":[{"embeddable":true,"href":"https:\/\/tondelli.comune.correggio.re.it\/en\/wp-json\/wp\/v2\/users\/1"}],"replies":[{"embeddable":true,"href":"https:\/\/tondelli.comune.correggio.re.it\/en\/wp-json\/wp\/v2\/comments?post=1717"}],"version-history":[{"count":0,"href":"https:\/\/tondelli.comune.correggio.re.it\/en\/wp-json\/wp\/v2\/pages\/1717\/revisions"}],"up":[{"embeddable":true,"href":"https:\/\/tondelli.comune.correggio.re.it\/en\/wp-json\/wp\/v2\/pages\/1719"}],"wp:attachment":[{"href":"https:\/\/tondelli.comune.correggio.re.it\/en\/wp-json\/wp\/v2\/media?parent=1717"}],"wp:term":[{"taxonomy":"post_tag","embeddable":true,"href":"https:\/\/tondelli.comune.correggio.re.it\/en\/wp-json\/wp\/v2\/tags?post=1717"}],"curies":[{"name":"wp","href":"https:\/\/api.w.org\/{rel}","templated":true}]}}