{"id":1713,"date":"2021-12-23T13:10:52","date_gmt":"2021-12-23T12:10:52","guid":{"rendered":"https:\/\/tondelli.comune.correggio.re.it\/seminario-tondelli-9-edizione-11-e-12-dicembre-2009\/"},"modified":"2021-12-23T13:10:52","modified_gmt":"2021-12-23T12:10:52","slug":"seminario-tondelli-9-edizione-11-e-12-dicembre-2009","status":"publish","type":"page","link":"https:\/\/tondelli.comune.correggio.re.it\/en\/pier-vittorio-tondelli\/essential-bibliography\/catalogs\/records-and-documents\/giornate-tondelli-nona-edizione-2009\/seminario-tondelli-9-edizione-11-e-12-dicembre-2009\/","title":{"rendered":"Seminario Tondelli 9\u00b0 edizione 11 e 12 dicembre 2009"},"content":{"rendered":"\n<p><em>Venerd\u00ec 11 dicembre ore 15.00<\/em><\/p>\n\n\n\n<p>Presentazione di <strong>Viller Masoni<\/strong> (Responsabile Centro Documentazione Tondelli)<\/p>\n\n\n\n<p>Introduzione di <strong>Elisabetta Mondello<\/strong> (Universit\u00e0 &#8220;La Sapienza&#8221;, Roma)<\/p>\n\n\n\n<p><strong>Massimo Sannelli<\/strong> (Universit\u00e0 di Genova)<br><em>&#8220;Accontentarsi&#8221;, &#8220;Qualcosa&#8221;, &#8220;Tutto&#8221; tre parole di Tondelli<\/em><\/p>\n\n\n\n<p><strong>Sciltian Gastaldi <\/strong>(Universit\u00e0 di Toronto, Canada)<br><em>Tondelli, Palandri e gli anni Settanta: cos\u00ec lontani, cos\u00ec vicini<\/em><\/p>\n\n\n\n<p><strong>Francesca Giglio<\/strong> (Universit\u00e0 di Tor Vergata, Roma)<br><em>Quel ragazzo\u2026<\/em><\/p>\n\n\n\n<p><strong>Elisabetta Eugeni<\/strong> (Universit\u00e0 di Bologna)<br>La cultura americana in &#8220;Altri Libertini&#8221;<\/p>\n\n\n\n<p><strong>Andrea Vighi<\/strong> (Universit\u00e0 di Parma)<br><em>&#8220;Mi considero infantilmente apolitico&#8221;<\/em><br>Nuove forme d&#8217;impegno in Pier Vittorio Tondelli<\/p>\n\n\n\n<p><strong>Andrea Gratton<\/strong> (Universit\u00e0 di Venezia)<br><em>Breve storia della letteratura inventata: Pier Vittorio Tondelli<\/em><\/p>\n\n\n\n<p><strong>Marcin Koczur<\/strong> (Universit\u00e0 di Cracovia, Polonia)<br><em>La Hassliebe tondelliana per la citt\u00e0 di Berlino<\/em><\/p>\n\n\n\n<p><strong>Federica Trotti<\/strong> (Universit\u00e0 &#8220;La Sapienza&#8221;, Roma)<br><em>La generazione di Tondelli nei 33 giri di &#8220;Radiofreccia&#8221;<\/em><\/p>\n\n\n\n<p><em>Sabato 12 dicembre ore 10.00<\/em><\/p>\n\n\n\n<p><strong>Gianni Cimador<\/strong> (Universit\u00e0 di Trieste)<br><em>&#8220;Forse un drago nascer\u00e0&#8221;: il &#8217;77 di Tondelli attraverso Giuliano Scabia<\/em><\/p>\n\n\n\n<p><strong>Christian Castellano<\/strong> (regista teatrale)<br><em>&#8220;Autobahn&#8221;: parola e corpo ad alta velocit\u00e0 . Tondelli e la ricerca del ritmo narrativo<\/em><\/p>\n\n\n\n<p><strong>Gianpaolo Bigoli<\/strong> (regista)<br><strong>Patrizia Dall&#8217;Argine<\/strong> (sceneggiatrice)<br><em>I personaggi di Tondelli incontrano le persone di Tondelli<\/em><\/p>\n\n\n\n<p><strong>Alessandro Taddei<\/strong> ed <strong>Enrico Caravita<\/strong> (autori teatrali)<br><em>Le varie parti di un viaggio<\/em><\/p>\n","protected":false},"excerpt":{"rendered":"<p>Venerd\u00ec 11 dicembre ore 15.00 Presentazione di Viller Masoni (Responsabile Centro Documentazione Tondelli) Introduzione di Elisabetta Mondello (Universit\u00e0 &#8220;La Sapienza&#8221;, Roma) Massimo Sannelli (Universit\u00e0 di Genova)&#8220;Accontentarsi&#8221;, &#8220;Qualcosa&#8221;, &#8220;Tutto&#8221; tre parole di Tondelli Sciltian Gastaldi (Universit\u00e0 di Toronto, Canada)Tondelli, Palandri e gli anni Settanta: cos\u00ec lontani, cos\u00ec vicini Francesca Giglio (Universit\u00e0 di Tor Vergata, Roma)Quel ragazzo\u2026 Elisabetta Eugeni (Universit\u00e0 di Bologna)La cultura americana in &#8220;Altri Libertini&#8221; Andrea Vighi (Universit\u00e0 di Parma)&#8220;Mi considero infantilmente apolitico&#8221;Nuove forme d&#8217;impegno in Pier Vittorio Tondelli Andrea Gratton (Universit\u00e0 di Venezia)Breve storia della letteratura inventata: Pier Vittorio Tondelli Marcin Koczur (Universit\u00e0 di Cracovia, Polonia)La Hassliebe tondelliana per la citt\u00e0 di Berlino Federica Trotti (Universit\u00e0 &#8220;La Sapienza&#8221;, Roma)La generazione di Tondelli nei 33 giri di &#8220;Radiofreccia&#8221; Sabato 12 dicembre ore 10.<\/p>\n","protected":false},"author":1,"featured_media":0,"parent":1735,"menu_order":0,"comment_status":"closed","ping_status":"closed","template":"","meta":{"footnotes":""},"tags":[],"class_list":["post-1713","page","type-page","status-publish","hentry"],"_links":{"self":[{"href":"https:\/\/tondelli.comune.correggio.re.it\/en\/wp-json\/wp\/v2\/pages\/1713","targetHints":{"allow":["GET"]}}],"collection":[{"href":"https:\/\/tondelli.comune.correggio.re.it\/en\/wp-json\/wp\/v2\/pages"}],"about":[{"href":"https:\/\/tondelli.comune.correggio.re.it\/en\/wp-json\/wp\/v2\/types\/page"}],"author":[{"embeddable":true,"href":"https:\/\/tondelli.comune.correggio.re.it\/en\/wp-json\/wp\/v2\/users\/1"}],"replies":[{"embeddable":true,"href":"https:\/\/tondelli.comune.correggio.re.it\/en\/wp-json\/wp\/v2\/comments?post=1713"}],"version-history":[{"count":0,"href":"https:\/\/tondelli.comune.correggio.re.it\/en\/wp-json\/wp\/v2\/pages\/1713\/revisions"}],"up":[{"embeddable":true,"href":"https:\/\/tondelli.comune.correggio.re.it\/en\/wp-json\/wp\/v2\/pages\/1735"}],"wp:attachment":[{"href":"https:\/\/tondelli.comune.correggio.re.it\/en\/wp-json\/wp\/v2\/media?parent=1713"}],"wp:term":[{"taxonomy":"post_tag","embeddable":true,"href":"https:\/\/tondelli.comune.correggio.re.it\/en\/wp-json\/wp\/v2\/tags?post=1713"}],"curies":[{"name":"wp","href":"https:\/\/api.w.org\/{rel}","templated":true}]}}